{"id":2640,"date":"2022-05-17T19:43:11","date_gmt":"2022-05-17T19:43:11","guid":{"rendered":"https:\/\/majakowalczykart.com\/?post_type=product&#038;p=2640"},"modified":"2024-02-23T14:21:04","modified_gmt":"2024-02-23T14:21:04","slug":"wydruk-giclee-lemur-24x32-cm-kopia","status":"publish","type":"product","link":"https:\/\/majakowalczykart.com\/en\/product\/wydruk-giclee-lemur-24x32-cm-kopia\/","title":{"rendered":"<strong>'Lemur' Limitet Edition Print<\/strong>"},"content":{"rendered":"<p><strong>'Lemur' Limitet Edition Print<\/strong><\/p>\n<p><strong>DESCRIPTION:<\/strong><\/p>\n<p>Artistic giclee print.<\/p>\n<p>Format wydruku: A4, A3<br \/>\nWymiary z ram\u0105 i passe-partout: 30&#215;40 cm, 40&#215;50 cm<br \/>\nWydruk na wysokiej jako\u015bci papierze archiwalnym o gramaturze 270 g<br \/>\nSygnowany w\u0142asnor\u0119cznym podpisem.<\/p>\n<p><strong>FRAME<\/strong><\/p>\n<p>A frame from a leading Polish manufacturer.<\/p>\n<p>Dimensions: 30\u00d740 cm<\/p>\n<p>Glass thickness: 1.8-2 mm<\/p>\n<p>Material of construction: MDF<\/p>\n<p>Back of the frame: HDF board - thickness 2-3 mm<\/p>\n<p>Features swivel fasteners<\/p>\n<p>Hook: to be fixed vertically or horizontally<\/p>\n<p>&nbsp;<\/p>\n<p>Please note; price doesn't include delivery costs. Any import tax or customs duties if applicable, are payable by the buyer.<\/p>","protected":false},"excerpt":{"rendered":"<p>Wydruk giclee \u201eLEMUR\u201d OPIS: Wydruk artystyczny giclee . Format wydruku: A4, A3 Wymiary z ram\u0105 i passe-partout: 30&#215;40 cm, 40&#215;50 cm Wydruk na wysokiej jako\u015bci papierze archiwalnym o gramaturze 270 g Sygnowany w\u0142asnor\u0119cznym podpisem. RAMA Rama wiod\u0105cego polskiego producenta. Wymiary: 30&#215;40 cm Szybka: grubo\u015b\u0107 1,8-2 mm Materia\u0142 wykonania: MDF Ty\u0142 ramki: p\u0142yta HDF \u2013 grubo\u015b\u0107&hellip; <a class=\"more-link\" href=\"https:\/\/majakowalczykart.com\/en\/product\/wydruk-giclee-lemur-24x32-cm-kopia\/\">Continue reading <span class=\"screen-reader-text\"><strong>'Lemur' Limitet Edition Print<\/strong><\/span><\/a><\/p>","protected":false},"featured_media":2155,"template":"","meta":[],"_links":{"self":[{"href":"https:\/\/majakowalczykart.com\/en\/wp-json\/wp\/v2\/product\/2640"}],"collection":[{"href":"https:\/\/majakowalczykart.com\/en\/wp-json\/wp\/v2\/product"}],"about":[{"href":"https:\/\/majakowalczykart.com\/en\/wp-json\/wp\/v2\/types\/product"}],"wp:featuredmedia":[{"embeddable":true,"href":"https:\/\/majakowalczykart.com\/en\/wp-json\/wp\/v2\/media\/2155"}],"wp:attachment":[{"href":"https:\/\/majakowalczykart.com\/en\/wp-json\/wp\/v2\/media?parent=2640"}],"curies":[{"name":"wp","href":"https:\/\/api.w.org\/{rel}","templated":true}]}}