{"id":4130,"date":"2022-11-25T10:57:16","date_gmt":"2022-11-25T10:57:16","guid":{"rendered":"https:\/\/majakowalczykart.com\/?post_type=product&#038;p=4130"},"modified":"2025-10-10T16:28:14","modified_gmt":"2025-10-10T16:28:14","slug":"akryl-na-plotnie-atrybut","status":"publish","type":"product","link":"https:\/\/majakowalczykart.com\/en\/product\/akryl-na-plotnie-atrybut\/","title":{"rendered":"<strong>Akryl na p\u0142\u00f3tnie &#8220;ATRYBUT&#8221;<\/strong>"},"content":{"rendered":"<p><strong><em>Akryl na p\u0142\u00f3tnie &#8220;ATRYBUT&#8221;<\/em><\/strong><\/p>\n<p>&nbsp;<\/p>\n<p><strong>Obraz dost\u0119pny.<\/strong><\/p>\n<p>Size: 80x100 cm<\/p>\n<p>&nbsp;<\/p>\n<p>Obraz jest kolejn\u0105 prac\u0105 z zapocz\u0105tkowanego cyklu <em><strong>&#8220;Kobiety&#8221;<\/strong><\/em>.<\/p>\n<p>The series shows their strength, beauty, sensitivity, individuality, grace and subtlety. It shows the diversity of women in terms of culture and origin.<\/p>\n<p>The unifying element of the series is the shiny accessories, i.e.:| metallic paint or metallic leaves.<\/p>\n<p>&nbsp;<\/p>\n<p>A woman has many more attributes than breasts or sensual lips, but they defined the painting.<\/p>\n<p>The background of the painting are silver leaves. Earrings and lips, also have specks of this shiny material.<\/p>\n<p>Metallic brown paint, on the other hand, gave the hat and blouse an upscale look, a contrast to the black.<\/p>\n<p>&nbsp;<\/p>\n<p><strong>Je\u015bli jeste\u015b zainteresowany tym obrazem, zapraszam serdecznie do kontaktu:<\/strong><\/p>\n<p><strong>tel: 502837033<\/strong><\/p>\n<p><strong>majakowalczykart@gmail.com<\/strong><\/p>\n<p>&nbsp;<\/p>\n<p>&nbsp;<\/p>","protected":false},"excerpt":{"rendered":"<p>Akryl na p\u0142\u00f3tnie &#8220;ATRYBUT&#8221; &nbsp; Obraz dost\u0119pny. Format orygina\u0142u: 80&#215;100 cm &nbsp; Obraz jest kolejn\u0105 prac\u0105 z zapocz\u0105tkowanego cyklu &#8220;Kobiety&#8221;. Cykl ukazuje ich si\u0142\u0119, pi\u0119kno, wra\u017cliwo\u015b\u0107, indywidualizm, wdzi\u0119k i subtelno\u015b\u0107. Pokazuje r\u00f3\u017cnorodno\u015b\u0107 kobiet pod wzgl\u0119dem kultury i pochodzenia. Elementem \u0142\u0105cz\u0105cym seri\u0119 s\u0105 b\u0142yszcz\u0105ce dodatki tj.:| metaliczna farba lub szlagmetal. &nbsp; Kobieta ma znacznie wi\u0119cej atrybut\u00f3w,&hellip; <a class=\"more-link\" href=\"https:\/\/majakowalczykart.com\/en\/product\/akryl-na-plotnie-atrybut\/\">Continue reading <span class=\"screen-reader-text\"><strong>Akryl na p\u0142\u00f3tnie &#8220;ATRYBUT&#8221;<\/strong><\/span><\/a><\/p>","protected":false},"featured_media":4131,"template":"","meta":[],"_links":{"self":[{"href":"https:\/\/majakowalczykart.com\/en\/wp-json\/wp\/v2\/product\/4130"}],"collection":[{"href":"https:\/\/majakowalczykart.com\/en\/wp-json\/wp\/v2\/product"}],"about":[{"href":"https:\/\/majakowalczykart.com\/en\/wp-json\/wp\/v2\/types\/product"}],"wp:featuredmedia":[{"embeddable":true,"href":"https:\/\/majakowalczykart.com\/en\/wp-json\/wp\/v2\/media\/4131"}],"wp:attachment":[{"href":"https:\/\/majakowalczykart.com\/en\/wp-json\/wp\/v2\/media?parent=4130"}],"curies":[{"name":"wp","href":"https:\/\/api.w.org\/{rel}","templated":true}]}}