{"id":2060,"date":"2022-04-26T06:25:08","date_gmt":"2022-04-26T06:25:08","guid":{"rendered":"https:\/\/majakowalczykart.com\/?page_id=2060"},"modified":"2022-10-05T09:52:40","modified_gmt":"2022-10-05T09:52:40","slug":"pastele-oryginaly","status":"publish","type":"page","link":"https:\/\/majakowalczykart.com\/pl_pl\/pastele-oryginaly\/","title":{"rendered":"Pastele &#8211; orygina\u0142y"},"content":{"rendered":"\t\t<div data-elementor-type=\"wp-page\" data-elementor-id=\"2060\" class=\"elementor elementor-2060\" data-elementor-settings=\"[]\">\n\t\t\t\t\t\t<div class=\"elementor-inner\">\n\t\t\t\t\t\t\t<div class=\"elementor-section-wrap\">\n\t\t\t\t\t\t\t<section class=\"elementor-section elementor-top-section elementor-element elementor-element-d033757 elementor-section-boxed elementor-section-height-default elementor-section-height-default\" data-id=\"d033757\" data-element_type=\"section\">\n\t\t\t\t\t\t<div class=\"elementor-container elementor-column-gap-default\">\n\t\t\t\t\t\t\t<div class=\"elementor-row\">\n\t\t\t\t\t<div class=\"elementor-column elementor-col-100 elementor-top-column elementor-element elementor-element-39e1e55\" data-id=\"39e1e55\" data-element_type=\"column\">\n\t\t\t<div class=\"elementor-column-wrap elementor-element-populated\">\n\t\t\t\t\t\t\t<div class=\"elementor-widget-wrap\">\n\t\t\t\t\t\t<div class=\"elementor-element elementor-element-12523ce elementor-widget-divider--view-line elementor-widget elementor-widget-divider\" data-id=\"12523ce\" data-element_type=\"widget\" data-widget_type=\"divider.default\">\n\t\t\t\t<div class=\"elementor-widget-container\">\n\t\t\t\t\t<div class=\"elementor-divider\">\n\t\t\t<span class=\"elementor-divider-separator\">\n\t\t\t\t\t\t<\/span>\n\t\t<\/div>\n\t\t\t\t<\/div>\n\t\t\t\t<\/div>\n\t\t\t\t<div class=\"elementor-element elementor-element-82c9c3b elementor-widget elementor-widget-text-editor\" data-id=\"82c9c3b\" data-element_type=\"widget\" data-widget_type=\"text-editor.default\">\n\t\t\t\t<div class=\"elementor-widget-container\">\n\t\t\t\t\t<div class=\"elementor-text-editor elementor-clearfix\"><p>Wykonuj\u0119 rysunki pastelami korzystaj\u0105c z profesjonalnych materia\u0142\u00f3w wiod\u0105cych \u015bwiatowych producent\u00f3w.<\/p><p>Prace wykazuj\u0105 du\u017c\u0105 odporno\u015b\u0107 na up\u0142ywaj\u0105cy czas oraz trwa\u0142\u0105 pigmentacj\u0119.\u00a0<\/p><p>Specjalnie dedykowany, chropowaty papier do pasteli pastelmat o gramaturze 360 g zapewnia ich du\u017c\u0105 przyczepno\u015b\u0107, dzi\u0119ki temu pastel utrzymuje si\u0119 na nim dziesi\u0119ciolecia.\u00a0<\/p><p>Technika wykonania, kt\u00f3r\u0105 stosuje pozwala mi uzyska\u0107 naturaln\u0105 mi\u0119kko\u015b\u0107 futra zwierz\u0119cia, co sprawia, \u017ce rysunek wygl\u0105da bardzo realistycznie. Mnogo\u015b\u0107 na\u0142o\u017conych warstw sprawia, \u017ce prace s\u0105 trwalsze, a kolory doskonale si\u0119 przenikaj\u0105.<\/p><p>Stworzenie takiej pracy wymaga czasu, ka\u017cdy rysunek poch\u0142ania kilkana\u015bcie godzin.<\/p><\/div>\n\t\t\t\t<\/div>\n\t\t\t\t<\/div>\n\t\t\t\t<div class=\"elementor-element elementor-element-4874a5c elementor-widget-divider--view-line elementor-widget elementor-widget-divider\" data-id=\"4874a5c\" data-element_type=\"widget\" data-widget_type=\"divider.default\">\n\t\t\t\t<div class=\"elementor-widget-container\">\n\t\t\t\t\t<div class=\"elementor-divider\">\n\t\t\t<span class=\"elementor-divider-separator\">\n\t\t\t\t\t\t<\/span>\n\t\t<\/div>\n\t\t\t\t<\/div>\n\t\t\t\t<\/div>\n\t\t\t\t<div class=\"elementor-element elementor-element-8efdfba elementor-product-loop-item--align-left elementor-products-columns-mobile-1 elementor-products-columns-4 elementor-products-grid elementor-wc-products elementor-widget elementor-widget-woocommerce-products\" data-id=\"8efdfba\" data-element_type=\"widget\" data-widget_type=\"woocommerce-products.default\">\n\t\t\t\t<div class=\"elementor-widget-container\">\n\t\t\t<div class=\"woocommerce columns-4 \"><ul class=\"products columns-4\">\n<li class=\"entry product type-product post-4772 status-publish first instock product_cat-pastele product_cat-pastele-oryginaly product_tag-kredki product_tag-lew product_tag-panpastele product_tag-pastele product_tag-rysunki product_tag-sztyfty has-post-thumbnail shipping-taxable purchasable product-type-variable\">\n\t<\/li>\n<li class=\"entry product type-product post-4596 status-publish instock product_cat-pastele product_cat-pastele-oryginaly has-post-thumbnail shipping-taxable purchasable product-type-variable\">\n\t<\/li>\n<li class=\"entry product type-product post-4487 status-publish outofstock product_cat-pastele product_cat-pastele-oryginaly has-post-thumbnail shipping-taxable purchasable product-type-variable\">\n\t<\/li>\n<li class=\"entry product type-product post-4406 status-publish last instock product_cat-pastele product_cat-pastele-oryginaly has-post-thumbnail shipping-taxable purchasable product-type-variable\">\n\t<\/li>\n<li class=\"entry product type-product post-4393 status-publish first instock product_cat-pastele product_cat-pastele-oryginaly has-post-thumbnail shipping-taxable purchasable product-type-variable\">\n\t<\/li>\n<li class=\"entry product type-product post-4419 status-publish outofstock product_cat-pastele product_cat-pastele-oryginaly has-post-thumbnail shipping-taxable purchasable product-type-variable\">\n\t<\/li>\n<li class=\"entry product type-product post-4067 status-publish outofstock product_cat-pastele product_cat-pastele-oryginaly has-post-thumbnail shipping-taxable purchasable product-type-variable\">\n\t<\/li>\n<li class=\"entry product type-product post-3684 status-publish last outofstock product_cat-pastele product_cat-pastele-oryginaly has-post-thumbnail shipping-taxable purchasable product-type-variable\">\n\t<\/li>\n<li class=\"entry product type-product post-2736 status-publish first outofstock product_cat-pastele product_cat-pastele-oryginaly has-post-thumbnail shipping-taxable purchasable product-type-variable\">\n\t<\/li>\n<li class=\"entry product type-product post-2570 status-publish instock product_cat-pastele product_cat-pastele-oryginaly has-post-thumbnail shipping-taxable purchasable product-type-variable\">\n\t<\/li>\n<li class=\"entry product type-product post-2227 status-publish instock product_cat-pastele product_cat-pastele-oryginaly has-post-thumbnail shipping-taxable purchasable product-type-variable\">\n\t<\/li>\n<li class=\"entry product type-product post-2198 status-publish last instock product_cat-pastele product_cat-pastele-oryginaly has-post-thumbnail shipping-taxable purchasable product-type-variable\">\n\t<\/li>\n<li class=\"entry product type-product post-2170 status-publish first instock product_cat-pastele product_cat-pastele-oryginaly has-post-thumbnail shipping-taxable purchasable product-type-variable\">\n\t<\/li>\n<li class=\"entry product type-product post-2156 status-publish instock product_cat-pastele product_cat-pastele-oryginaly has-post-thumbnail shipping-taxable purchasable product-type-variable\">\n\t<\/li>\n<li class=\"entry product type-product post-2143 status-publish instock product_cat-pastele product_cat-pastele-oryginaly has-post-thumbnail shipping-taxable purchasable product-type-variable\">\n\t<\/li>\n<li class=\"entry product type-product post-2127 status-publish last instock product_cat-pastele product_cat-pastele-oryginaly has-post-thumbnail shipping-taxable purchasable product-type-variable\">\n\t<\/li>\n<li class=\"entry product type-product post-1514 status-publish first instock product_cat-pastele product_cat-pastele-oryginaly has-post-thumbnail shipping-taxable purchasable product-type-variable\">\n\t<\/li>\n<\/ul>\n<\/div>\t\t<\/div>\n\t\t\t\t<\/div>\n\t\t\t\t\t\t<\/div>\n\t\t\t\t\t<\/div>\n\t\t<\/div>\n\t\t\t\t\t\t\t\t<\/div>\n\t\t\t\t\t<\/div>\n\t\t<\/section>\n\t\t\t\t\t\t<\/div>\n\t\t\t\t\t\t<\/div>\n\t\t\t\t\t<\/div>\n\t\t","protected":false},"excerpt":{"rendered":"<p>Wykonuj\u0119 rysunki pastelami korzystaj\u0105c z profesjonalnych materia\u0142\u00f3w wiod\u0105cych \u015bwiatowych producent\u00f3w. Prace wykazuj\u0105 du\u017c\u0105 odporno\u015b\u0107 na up\u0142ywaj\u0105cy czas oraz trwa\u0142\u0105 pigmentacj\u0119.\u00a0 Specjalnie dedykowany, chropowaty papier do pasteli pastelmat o gramaturze 360 g zapewnia ich du\u017c\u0105 przyczepno\u015b\u0107, dzi\u0119ki temu pastel utrzymuje si\u0119 na nim dziesi\u0119ciolecia.\u00a0 Technika wykonania, kt\u00f3r\u0105 stosuje pozwala mi uzyska\u0107 naturaln\u0105 mi\u0119kko\u015b\u0107 futra zwierz\u0119cia, co&hellip; <a class=\"more-link\" href=\"https:\/\/majakowalczykart.com\/pl_pl\/pastele-oryginaly\/\">Czytaj dalej <span class=\"screen-reader-text\">Pastele &#8211; orygina\u0142y<\/span><\/a><\/p>\n","protected":false},"author":4,"featured_media":0,"parent":0,"menu_order":0,"comment_status":"closed","ping_status":"closed","template":"","meta":[],"_links":{"self":[{"href":"https:\/\/majakowalczykart.com\/pl_pl\/wp-json\/wp\/v2\/pages\/2060"}],"collection":[{"href":"https:\/\/majakowalczykart.com\/pl_pl\/wp-json\/wp\/v2\/pages"}],"about":[{"href":"https:\/\/majakowalczykart.com\/pl_pl\/wp-json\/wp\/v2\/types\/page"}],"author":[{"embeddable":true,"href":"https:\/\/majakowalczykart.com\/pl_pl\/wp-json\/wp\/v2\/users\/4"}],"replies":[{"embeddable":true,"href":"https:\/\/majakowalczykart.com\/pl_pl\/wp-json\/wp\/v2\/comments?post=2060"}],"version-history":[{"count":32,"href":"https:\/\/majakowalczykart.com\/pl_pl\/wp-json\/wp\/v2\/pages\/2060\/revisions"}],"predecessor-version":[{"id":4608,"href":"https:\/\/majakowalczykart.com\/pl_pl\/wp-json\/wp\/v2\/pages\/2060\/revisions\/4608"}],"wp:attachment":[{"href":"https:\/\/majakowalczykart.com\/pl_pl\/wp-json\/wp\/v2\/media?parent=2060"}],"curies":[{"name":"wp","href":"https:\/\/api.w.org\/{rel}","templated":true}]}}