{"id":1514,"date":"2022-04-08T12:54:53","date_gmt":"2022-04-08T12:54:53","guid":{"rendered":"https:\/\/majakowalczykart.com\/?post_type=product&#038;p=1514"},"modified":"2023-11-12T18:59:01","modified_gmt":"2023-11-12T18:59:01","slug":"gniady-kon","status":"publish","type":"product","link":"https:\/\/majakowalczykart.com\/pl_pl\/produkt\/gniady-kon\/","title":{"rendered":"<strong>Orygina\u0142 KO\u0143 Z \u0141YSIN\u0104<\/strong>"},"content":{"rendered":"<p><strong>Orygina\u0142 \u201eKO\u0143 Z \u0141YSIN\u0104\u201d<\/strong><\/p>\n<p>Format orygina\u0142u: 24&#215;32 cm<\/p>\n<p>Wymiary z ram\u0105 i passe-partout: 30&#215;40 cm<\/p>\n<p>Rysunek na wysokiej jako\u015bci papierze pastelmat o gramaturze 360g.<\/p>\n<p>Za\u0142\u0105czony certyfikat autentyczno\u015bci<\/p>\n<p>&nbsp;<\/p>\n<p><strong>RAMA<\/strong><\/p>\n<p>Rama wiod\u0105cego polskiego producenta.<\/p>\n<p>Wymiary: 30&#215;40 cm<\/p>\n<p>Szybka: grubo\u015b\u0107 1,8-2 mm<\/p>\n<p>Materia\u0142 wykonania: MDF<\/p>\n<p>Ty\u0142 ramki: p\u0142yta HDF \u2013 grubo\u015b\u0107 2-3 mm<\/p>\n<p>Posiada zapinki obrotowe<\/p>\n<p>Haczyk: do zamocowania pionowo lub poziomo<\/p>\n<p>&nbsp;<\/p>\n<p>Cena nie zawiera koszt\u00f3w wysy\u0142ki.<\/p>\n","protected":false},"excerpt":{"rendered":"<p>Orygina\u0142 \u201eKO\u0143 Z \u0141YSIN\u0104\u201d Format orygina\u0142u: 24&#215;32 cm Wymiary z ram\u0105 i passe-partout: 30&#215;40 cm Rysunek na wysokiej jako\u015bci papierze pastelmat o gramaturze 360g. Za\u0142\u0105czony certyfikat autentyczno\u015bci &nbsp; RAMA Rama wiod\u0105cego polskiego producenta. Wymiary: 30&#215;40 cm Szybka: grubo\u015b\u0107 1,8-2 mm Materia\u0142 wykonania: MDF Ty\u0142 ramki: p\u0142yta HDF \u2013 grubo\u015b\u0107 2-3 mm Posiada zapinki obrotowe Haczyk:&hellip; <a class=\"more-link\" href=\"https:\/\/majakowalczykart.com\/pl_pl\/produkt\/gniady-kon\/\">Czytaj dalej <span class=\"screen-reader-text\"><strong>Orygina\u0142 KO\u0143 Z \u0141YSIN\u0104<\/strong><\/span><\/a><\/p>\n","protected":false},"featured_media":1515,"template":"","meta":[],"_links":{"self":[{"href":"https:\/\/majakowalczykart.com\/pl_pl\/wp-json\/wp\/v2\/product\/1514"}],"collection":[{"href":"https:\/\/majakowalczykart.com\/pl_pl\/wp-json\/wp\/v2\/product"}],"about":[{"href":"https:\/\/majakowalczykart.com\/pl_pl\/wp-json\/wp\/v2\/types\/product"}],"wp:featuredmedia":[{"embeddable":true,"href":"https:\/\/majakowalczykart.com\/pl_pl\/wp-json\/wp\/v2\/media\/1515"}],"wp:attachment":[{"href":"https:\/\/majakowalczykart.com\/pl_pl\/wp-json\/wp\/v2\/media?parent=1514"}],"curies":[{"name":"wp","href":"https:\/\/api.w.org\/{rel}","templated":true}]}}