{"id":2227,"date":"2022-04-28T20:15:12","date_gmt":"2022-04-28T20:15:12","guid":{"rendered":"https:\/\/majakowalczykart.com\/?post_type=product&#038;p=2227"},"modified":"2022-12-07T00:03:11","modified_gmt":"2022-12-07T00:03:11","slug":"oryginal-strus-24x32-cm-kopia","status":"publish","type":"product","link":"https:\/\/majakowalczykart.com\/pl_pl\/produkt\/oryginal-strus-24x32-cm-kopia\/","title":{"rendered":"<strong>Orygina\u0142 STRU\u015a<\/strong>"},"content":{"rendered":"<p><strong>Orygina\u0142 \u201eSTRU\u015a\u201d<\/strong><\/p>\n<p>Format orygina\u0142u: 24&#215;32 cm.<\/p>\n<p>Wymiary z ram\u0105 i passe-partout: 30&#215;40 cm.<\/p>\n<p>Rysunek na wysokiej jako\u015bci papierze pastelmat o gramaturze 360g.<\/p>\n<p>Za\u0142\u0105czony certyfikat autentyczno\u015bci.<\/p>\n<p>&nbsp;<\/p>\n<p><strong>RAMA<\/strong><\/p>\n<p>Rama wiod\u0105cego polskiego producenta.<\/p>\n<p>Wymiary: 30&#215;40 cm<\/p>\n<p>Szybka: grubo\u015b\u0107 1,8-2 mm<\/p>\n<p>Materia\u0142 wykonania: MDF<\/p>\n<p>Ty\u0142 ramki: p\u0142yta HDF \u2013 grubo\u015b\u0107 2-3 mm<\/p>\n<p>Posiada zapinki obrotowe<\/p>\n<p>Haczyk: do zamocowania pionowo lub poziomo<\/p>\n<p>&nbsp;<\/p>\n<p>Cena nie zawiera koszt\u00f3w przesy\u0142ki.<\/p>\n","protected":false},"excerpt":{"rendered":"<p>Orygina\u0142 \u201eSTRU\u015a\u201d Format orygina\u0142u: 24&#215;32 cm. Wymiary z ram\u0105 i passe-partout: 30&#215;40 cm. Rysunek na wysokiej jako\u015bci papierze pastelmat o gramaturze 360g. Za\u0142\u0105czony certyfikat autentyczno\u015bci. &nbsp; RAMA Rama wiod\u0105cego polskiego producenta. Wymiary: 30&#215;40 cm Szybka: grubo\u015b\u0107 1,8-2 mm Materia\u0142 wykonania: MDF Ty\u0142 ramki: p\u0142yta HDF \u2013 grubo\u015b\u0107 2-3 mm Posiada zapinki obrotowe Haczyk: do zamocowania&hellip; <a class=\"more-link\" href=\"https:\/\/majakowalczykart.com\/pl_pl\/produkt\/oryginal-strus-24x32-cm-kopia\/\">Czytaj dalej <span class=\"screen-reader-text\"><strong>Orygina\u0142 STRU\u015a<\/strong><\/span><\/a><\/p>\n","protected":false},"featured_media":3358,"template":"","meta":[],"_links":{"self":[{"href":"https:\/\/majakowalczykart.com\/pl_pl\/wp-json\/wp\/v2\/product\/2227"}],"collection":[{"href":"https:\/\/majakowalczykart.com\/pl_pl\/wp-json\/wp\/v2\/product"}],"about":[{"href":"https:\/\/majakowalczykart.com\/pl_pl\/wp-json\/wp\/v2\/types\/product"}],"wp:featuredmedia":[{"embeddable":true,"href":"https:\/\/majakowalczykart.com\/pl_pl\/wp-json\/wp\/v2\/media\/3358"}],"wp:attachment":[{"href":"https:\/\/majakowalczykart.com\/pl_pl\/wp-json\/wp\/v2\/media?parent=2227"}],"curies":[{"name":"wp","href":"https:\/\/api.w.org\/{rel}","templated":true}]}}