{"id":2438,"date":"2022-05-12T19:41:12","date_gmt":"2022-05-12T19:41:12","guid":{"rendered":"https:\/\/majakowalczykart.com\/?post_type=product&#038;p=2438"},"modified":"2022-12-07T00:02:59","modified_gmt":"2022-12-07T00:02:59","slug":"magnes-kon-z-lysina-9x6-cm","status":"publish","type":"product","link":"https:\/\/majakowalczykart.com\/pl_pl\/produkt\/magnes-kon-z-lysina-9x6-cm\/","title":{"rendered":"<strong>Magnes KO\u0143 Z \u0141YSIN\u0104<\/strong> 9&#215;6 cm"},"content":{"rendered":"<p><strong>MAGNES \u201eKO\u0143 Z \u0141YSIN\u0104\u201d<\/strong><\/p>\n<p>&nbsp;<\/p>\n<p>Magnes charakteryzuje lekko\u015b\u0107, gi\u0119tko\u015b\u0107 oraz bardzo dobra przyczepno\u015b\u0107 do pod\u0142o\u017ca, co sprawia, \u017ce jest odporny na uszkodzenia.<\/p>\n<p><strong>Magnes jest odwzorowaniem oryginalnej pracy wykonanej pastelami.<\/strong><\/p>\n<p>&nbsp;<\/p>\n<p><strong>SPECYFIKACJA <\/strong><\/p>\n<p>WYMIAR MAGNESU: 9&#215;6 cm<\/p>\n<p>GRUBO\u015a\u0106 MAGNESU: 0,7 mm<\/p>\n<p>ZAOKR\u0104GLONE NARO\u017bNIKI<\/p>\n<p>POKRYTE LAMINATEM B\u0141YSZCZ\u0104CYM<\/p>\n<p>&nbsp;<\/p>\n<p>Cena nie zawiera koszt\u00f3w wysy\u0142ki.<\/p>\n","protected":false},"excerpt":{"rendered":"<p>MAGNES \u201eKO\u0143 Z \u0141YSIN\u0104\u201d &nbsp; Magnes charakteryzuje lekko\u015b\u0107, gi\u0119tko\u015b\u0107 oraz bardzo dobra przyczepno\u015b\u0107 do pod\u0142o\u017ca, co sprawia, \u017ce jest odporny na uszkodzenia. Magnes jest odwzorowaniem oryginalnej pracy wykonanej pastelami. &nbsp; SPECYFIKACJA WYMIAR MAGNESU: 9&#215;6 cm GRUBO\u015a\u0106 MAGNESU: 0,7 mm ZAOKR\u0104GLONE NARO\u017bNIKI POKRYTE LAMINATEM B\u0141YSZCZ\u0104CYM &nbsp; Cena nie zawiera koszt\u00f3w wysy\u0142ki.<\/p>\n","protected":false},"featured_media":2432,"template":"","meta":[],"_links":{"self":[{"href":"https:\/\/majakowalczykart.com\/pl_pl\/wp-json\/wp\/v2\/product\/2438"}],"collection":[{"href":"https:\/\/majakowalczykart.com\/pl_pl\/wp-json\/wp\/v2\/product"}],"about":[{"href":"https:\/\/majakowalczykart.com\/pl_pl\/wp-json\/wp\/v2\/types\/product"}],"wp:featuredmedia":[{"embeddable":true,"href":"https:\/\/majakowalczykart.com\/pl_pl\/wp-json\/wp\/v2\/media\/2432"}],"wp:attachment":[{"href":"https:\/\/majakowalczykart.com\/pl_pl\/wp-json\/wp\/v2\/media?parent=2438"}],"curies":[{"name":"wp","href":"https:\/\/api.w.org\/{rel}","templated":true}]}}