{"id":2583,"date":"2022-05-17T16:11:02","date_gmt":"2022-05-17T16:11:02","guid":{"rendered":"https:\/\/majakowalczykart.com\/?post_type=product&#038;p=2583"},"modified":"2025-10-10T16:10:23","modified_gmt":"2025-10-10T16:10:23","slug":"akryl-na-plotnie-strong-women-70x100-cm","status":"publish","type":"product","link":"https:\/\/majakowalczykart.com\/pl_pl\/produkt\/akryl-na-plotnie-strong-women-70x100-cm\/","title":{"rendered":"<strong>Akryl na p\u0142\u00f3tnie STRONG WOMAN &#8211; niedost\u0119pny<\/strong>"},"content":{"rendered":"<p><strong><em>Akryl na p\u0142\u00f3tnie &#8220;STRONG WOMAN&#8221;<\/em><\/strong><\/p>\n<p>&nbsp;<\/p>\n<p><strong>Obraz sprzedany.<\/strong><\/p>\n<p>&nbsp;<\/p>\n<p>Format orygina\u0142u: 70&#215;100 cm<\/p>\n<p>&nbsp;<\/p>\n<p>Obraz jest pierwsz\u0105 prac\u0105 z zapocz\u0105tkowanego cyklu &#8220;Kobiety&#8221;.<\/p>\n<p>Cykl ukazuje ich si\u0142\u0119, pi\u0119kno, wra\u017cliwo\u015b\u0107, indywidualizm, wdzi\u0119k i subtelno\u015b\u0107. Pokazuje r\u00f3\u017cnorodno\u015b\u0107 kobiet pod wzgl\u0119dem pochodzenia, koloru sk\u00f3ry.<\/p>\n<p>Elementem sp\u00f3jnym obraz\u00f3w s\u0105 r\u00f3wnie\u017c z\u0142ocenia oraz b\u0142yszcz\u0105ce elementy wykonane farbami, pisakami oraz szlagmetalem.<\/p>\n<p>&nbsp;<\/p>\n<p>Obraz wykonany w kolorach czerni i bieli. Dodatkiem i ozdob\u0105 pracy jest z\u0142ota farba.<\/p>\n<p>&nbsp;<\/p>\n<p>&nbsp;<\/p>\n<p>&nbsp;<\/p>\n","protected":false},"excerpt":{"rendered":"<p>Akryl na p\u0142\u00f3tnie &#8220;STRONG WOMAN&#8221; &nbsp; Obraz sprzedany. &nbsp; Format orygina\u0142u: 70&#215;100 cm &nbsp; Obraz jest pierwsz\u0105 prac\u0105 z zapocz\u0105tkowanego cyklu &#8220;Kobiety&#8221;. Cykl ukazuje ich si\u0142\u0119, pi\u0119kno, wra\u017cliwo\u015b\u0107, indywidualizm, wdzi\u0119k i subtelno\u015b\u0107. Pokazuje r\u00f3\u017cnorodno\u015b\u0107 kobiet pod wzgl\u0119dem pochodzenia, koloru sk\u00f3ry. Elementem sp\u00f3jnym obraz\u00f3w s\u0105 r\u00f3wnie\u017c z\u0142ocenia oraz b\u0142yszcz\u0105ce elementy wykonane farbami, pisakami oraz szlagmetalem. &nbsp;&hellip; <a class=\"more-link\" href=\"https:\/\/majakowalczykart.com\/pl_pl\/produkt\/akryl-na-plotnie-strong-women-70x100-cm\/\">Czytaj dalej <span class=\"screen-reader-text\"><strong>Akryl na p\u0142\u00f3tnie STRONG WOMAN &#8211; niedost\u0119pny<\/strong><\/span><\/a><\/p>\n","protected":false},"featured_media":2348,"template":"","meta":[],"_links":{"self":[{"href":"https:\/\/majakowalczykart.com\/pl_pl\/wp-json\/wp\/v2\/product\/2583"}],"collection":[{"href":"https:\/\/majakowalczykart.com\/pl_pl\/wp-json\/wp\/v2\/product"}],"about":[{"href":"https:\/\/majakowalczykart.com\/pl_pl\/wp-json\/wp\/v2\/types\/product"}],"wp:featuredmedia":[{"embeddable":true,"href":"https:\/\/majakowalczykart.com\/pl_pl\/wp-json\/wp\/v2\/media\/2348"}],"wp:attachment":[{"href":"https:\/\/majakowalczykart.com\/pl_pl\/wp-json\/wp\/v2\/media?parent=2583"}],"curies":[{"name":"wp","href":"https:\/\/api.w.org\/{rel}","templated":true}]}}