{"id":2640,"date":"2022-05-17T19:43:11","date_gmt":"2022-05-17T19:43:11","guid":{"rendered":"https:\/\/majakowalczykart.com\/?post_type=product&#038;p=2640"},"modified":"2024-02-23T14:21:04","modified_gmt":"2024-02-23T14:21:04","slug":"wydruk-giclee-lemur-24x32-cm-kopia","status":"publish","type":"product","link":"https:\/\/majakowalczykart.com\/pl_pl\/produkt\/wydruk-giclee-lemur-24x32-cm-kopia\/","title":{"rendered":"<strong>Wydruk giclee LEMUR<\/strong>"},"content":{"rendered":"<p><strong>Wydruk giclee \u201eLEMUR\u201d<\/strong><\/p>\n<p><strong>OPIS:<\/strong><\/p>\n<p>Wydruk artystyczny giclee .<\/p>\n<p>Format wydruku: A4, A3<br \/>\nWymiary z ram\u0105 i passe-partout: 30&#215;40 cm, 40&#215;50 cm<br \/>\nWydruk na wysokiej jako\u015bci papierze archiwalnym o gramaturze 270 g<br \/>\nSygnowany w\u0142asnor\u0119cznym podpisem.<\/p>\n<p><strong>RAMA<\/strong><\/p>\n<p>Rama wiod\u0105cego polskiego producenta.<\/p>\n<p>Wymiary: 30&#215;40 cm<\/p>\n<p>Szybka: grubo\u015b\u0107 1,8-2 mm<\/p>\n<p>Materia\u0142 wykonania: MDF<\/p>\n<p>Ty\u0142 ramki: p\u0142yta HDF \u2013 grubo\u015b\u0107 2-3 mm<\/p>\n<p>Posiada zapinki obrotowe<\/p>\n<p>Haczyk: do zamocowania pionowo lub poziomo<\/p>\n<p>&nbsp;<\/p>\n<p>Cena nie zawiera koszt\u00f3w wysy\u0142ki.<\/p>\n","protected":false},"excerpt":{"rendered":"<p>Wydruk giclee \u201eLEMUR\u201d OPIS: Wydruk artystyczny giclee . Format wydruku: A4, A3 Wymiary z ram\u0105 i passe-partout: 30&#215;40 cm, 40&#215;50 cm Wydruk na wysokiej jako\u015bci papierze archiwalnym o gramaturze 270 g Sygnowany w\u0142asnor\u0119cznym podpisem. RAMA Rama wiod\u0105cego polskiego producenta. Wymiary: 30&#215;40 cm Szybka: grubo\u015b\u0107 1,8-2 mm Materia\u0142 wykonania: MDF Ty\u0142 ramki: p\u0142yta HDF \u2013 grubo\u015b\u0107&hellip; <a class=\"more-link\" href=\"https:\/\/majakowalczykart.com\/pl_pl\/produkt\/wydruk-giclee-lemur-24x32-cm-kopia\/\">Czytaj dalej <span class=\"screen-reader-text\"><strong>Wydruk giclee LEMUR<\/strong><\/span><\/a><\/p>\n","protected":false},"featured_media":2155,"template":"","meta":[],"_links":{"self":[{"href":"https:\/\/majakowalczykart.com\/pl_pl\/wp-json\/wp\/v2\/product\/2640"}],"collection":[{"href":"https:\/\/majakowalczykart.com\/pl_pl\/wp-json\/wp\/v2\/product"}],"about":[{"href":"https:\/\/majakowalczykart.com\/pl_pl\/wp-json\/wp\/v2\/types\/product"}],"wp:featuredmedia":[{"embeddable":true,"href":"https:\/\/majakowalczykart.com\/pl_pl\/wp-json\/wp\/v2\/media\/2155"}],"wp:attachment":[{"href":"https:\/\/majakowalczykart.com\/pl_pl\/wp-json\/wp\/v2\/media?parent=2640"}],"curies":[{"name":"wp","href":"https:\/\/api.w.org\/{rel}","templated":true}]}}