{"id":2736,"date":"2022-05-18T20:09:08","date_gmt":"2022-05-18T20:09:08","guid":{"rendered":"https:\/\/majakowalczykart.com\/?post_type=product&#038;p=2736"},"modified":"2023-12-14T21:09:50","modified_gmt":"2023-12-14T21:09:50","slug":"oryginal-wilk-24x32-cm","status":"publish","type":"product","link":"https:\/\/majakowalczykart.com\/pl_pl\/produkt\/oryginal-wilk-24x32-cm\/","title":{"rendered":"<strong>Orygina\u0142 WILK<\/strong>"},"content":{"rendered":"<p><em><strong>Produkt sprzedany.<\/strong><\/em><\/p>\n<p>Praca zdoby\u0142a <strong>1 miejsce<\/strong> w kategorii Ilustracja w <strong>Mi\u0119dzynarodowym Konkursie GOLDEN TIME TALENT<\/strong>.<\/p>\n<p>&nbsp;<\/p>\n<p>Zapraszam po limitowne wydruki w znajduj\u0105cej si\u0119 w zak\u0142adce <em><strong>PASTELE-WYDRUKI<\/strong><\/em>.<\/p>\n<p>&nbsp;<\/p>\n<p><strong>Orygina\u0142 \u201eWILK\u201d<\/strong><\/p>\n<p>Format orygina\u0142u: 24&#215;32 cm.<\/p>\n<p>Wymiary z ram\u0105 i passe-partout: 30&#215;40 cm.<\/p>\n<p>Rysunek na wysokiej jako\u015bci papierze pastelmat o gramaturze 360g.<\/p>\n<p>Za\u0142\u0105czony certyfikat autentyczno\u015bci.<\/p>\n<p>&nbsp;<\/p>\n<p><strong>RAMA<\/strong><\/p>\n<p>Rama wiod\u0105cego polskiego producenta.<\/p>\n<p>Wymiary: 30&#215;40 cm<\/p>\n<p>Szybka: grubo\u015b\u0107 1,8-2 mm<\/p>\n<p>Materia\u0142 wykonania: MDF<\/p>\n<p>Ty\u0142 ramki: p\u0142yta HDF \u2013 grubo\u015b\u0107 2-3 mm<\/p>\n<p>Posiada zapinki obrotowe<\/p>\n<p>Haczyk: do zamocowania pionowo lub poziomo<\/p>\n","protected":false},"excerpt":{"rendered":"<p>Produkt sprzedany. Praca zdoby\u0142a 1 miejsce w kategorii Ilustracja w Mi\u0119dzynarodowym Konkursie GOLDEN TIME TALENT. &nbsp; Zapraszam po limitowne wydruki w znajduj\u0105cej si\u0119 w zak\u0142adce PASTELE-WYDRUKI. &nbsp; Orygina\u0142 \u201eWILK\u201d Format orygina\u0142u: 24&#215;32 cm. Wymiary z ram\u0105 i passe-partout: 30&#215;40 cm. Rysunek na wysokiej jako\u015bci papierze pastelmat o gramaturze 360g. Za\u0142\u0105czony certyfikat autentyczno\u015bci. &nbsp; RAMA Rama&hellip; <a class=\"more-link\" href=\"https:\/\/majakowalczykart.com\/pl_pl\/produkt\/oryginal-wilk-24x32-cm\/\">Czytaj dalej <span class=\"screen-reader-text\"><strong>Orygina\u0142 WILK<\/strong><\/span><\/a><\/p>\n","protected":false},"featured_media":2343,"template":"","meta":[],"_links":{"self":[{"href":"https:\/\/majakowalczykart.com\/pl_pl\/wp-json\/wp\/v2\/product\/2736"}],"collection":[{"href":"https:\/\/majakowalczykart.com\/pl_pl\/wp-json\/wp\/v2\/product"}],"about":[{"href":"https:\/\/majakowalczykart.com\/pl_pl\/wp-json\/wp\/v2\/types\/product"}],"wp:featuredmedia":[{"embeddable":true,"href":"https:\/\/majakowalczykart.com\/pl_pl\/wp-json\/wp\/v2\/media\/2343"}],"wp:attachment":[{"href":"https:\/\/majakowalczykart.com\/pl_pl\/wp-json\/wp\/v2\/media?parent=2736"}],"curies":[{"name":"wp","href":"https:\/\/api.w.org\/{rel}","templated":true}]}}