{"id":3684,"date":"2022-10-03T13:07:44","date_gmt":"2022-10-03T13:07:44","guid":{"rendered":"https:\/\/majakowalczykart.com\/?post_type=product&#038;p=3684"},"modified":"2023-12-14T21:07:34","modified_gmt":"2023-12-14T21:07:34","slug":"oryginal-sniezna-pantera-30x40-cm","status":"publish","type":"product","link":"https:\/\/majakowalczykart.com\/pl_pl\/produkt\/oryginal-sniezna-pantera-30x40-cm\/","title":{"rendered":"<strong>Orygina\u0142 \u015anie\u017cna Pantera<\/strong>"},"content":{"rendered":"<p><em><strong>Produkt sprzedany.<\/strong><\/em><\/p>\n<p>&nbsp;<\/p>\n<p>Zapraszam po limitowne wydruki w znajduj\u0105cej si\u0119 w zak\u0142adce <em><strong>PASTELE-WYDRUKI<\/strong><\/em>.<\/p>\n<p>&nbsp;<\/p>\n<p><strong>Orygina\u0142 \u201e\u015aNIE\u017bNA PANTERA\u201d<\/strong><\/p>\n<p>Format orygina\u0142u: 30&#215;40 cm.<\/p>\n<p>Wymiary z ram\u0105 i passe-partout: 40&#215;50 cm.<\/p>\n<p>Rysunek na wysokiej jako\u015bci papierze pastelmat o gramaturze 360g.<\/p>\n<p>Za\u0142\u0105czony certyfikat autentyczno\u015bci.<\/p>\n<p>&nbsp;<\/p>\n<p><strong>RAMA<\/strong><\/p>\n<p>Rama wiod\u0105cego polskiego producenta.<\/p>\n<p>Wymiary: 40&#215;50 cm<\/p>\n<p>Szybka: grubo\u015b\u0107 1,8-2 mm<\/p>\n<p>Materia\u0142 wykonania: MDF<\/p>\n<p>Ty\u0142 ramki: p\u0142yta HDF \u2013 grubo\u015b\u0107 2-3 mm<\/p>\n<p>Posiada zapinki obrotowe<\/p>\n<p>Haczyk: do zamocowania pionowo lub poziomo<\/p>\n","protected":false},"excerpt":{"rendered":"<p>Produkt sprzedany. &nbsp; Zapraszam po limitowne wydruki w znajduj\u0105cej si\u0119 w zak\u0142adce PASTELE-WYDRUKI. &nbsp; Orygina\u0142 \u201e\u015aNIE\u017bNA PANTERA\u201d Format orygina\u0142u: 30&#215;40 cm. Wymiary z ram\u0105 i passe-partout: 40&#215;50 cm. Rysunek na wysokiej jako\u015bci papierze pastelmat o gramaturze 360g. Za\u0142\u0105czony certyfikat autentyczno\u015bci. &nbsp; RAMA Rama wiod\u0105cego polskiego producenta. Wymiary: 40&#215;50 cm Szybka: grubo\u015b\u0107 1,8-2 mm Materia\u0142 wykonania:&hellip; <a class=\"more-link\" href=\"https:\/\/majakowalczykart.com\/pl_pl\/produkt\/oryginal-sniezna-pantera-30x40-cm\/\">Czytaj dalej <span class=\"screen-reader-text\"><strong>Orygina\u0142 \u015anie\u017cna Pantera<\/strong><\/span><\/a><\/p>\n","protected":false},"featured_media":3255,"template":"","meta":[],"_links":{"self":[{"href":"https:\/\/majakowalczykart.com\/pl_pl\/wp-json\/wp\/v2\/product\/3684"}],"collection":[{"href":"https:\/\/majakowalczykart.com\/pl_pl\/wp-json\/wp\/v2\/product"}],"about":[{"href":"https:\/\/majakowalczykart.com\/pl_pl\/wp-json\/wp\/v2\/types\/product"}],"wp:featuredmedia":[{"embeddable":true,"href":"https:\/\/majakowalczykart.com\/pl_pl\/wp-json\/wp\/v2\/media\/3255"}],"wp:attachment":[{"href":"https:\/\/majakowalczykart.com\/pl_pl\/wp-json\/wp\/v2\/media?parent=3684"}],"curies":[{"name":"wp","href":"https:\/\/api.w.org\/{rel}","templated":true}]}}