{"id":3736,"date":"2022-10-05T10:04:56","date_gmt":"2022-10-05T10:04:56","guid":{"rendered":"https:\/\/majakowalczykart.com\/?post_type=product&#038;p=3736"},"modified":"2025-10-10T16:30:38","modified_gmt":"2025-10-10T16:30:38","slug":"glebia","status":"publish","type":"product","link":"https:\/\/majakowalczykart.com\/pl_pl\/produkt\/glebia\/","title":{"rendered":"<strong>&#8220;G\u0141\u0118BIA&#8221;<\/strong>"},"content":{"rendered":"<p><strong><em>Obraz &#8220;G\u0141\u0118BIA&#8221;<\/em><\/strong><\/p>\n<p>&nbsp;<\/p>\n<p><strong>Obraz dost\u0119pny.<\/strong><\/p>\n<p>Format orygina\u0142u: 50&#215;65 cm<\/p>\n<p>&nbsp;<\/p>\n<p>&#8220;G\u0141\u0118BIA&#8221; to obraz wykonany metod\u0105 pouring art.<\/p>\n<p>Kolory \u017cywio\u0142\u00f3w, kt\u00f3re przenikaj\u0105 si\u0119 wzajemnie tworz\u0105 niepowtarzalny obraz.<\/p>\n<p>Ziemia po\u0142\u0105czona z wod\u0105, ogniem, a wszystko to przy akompaniamencie wiatru.<\/p>\n<p>Spokojna g\u0142\u0119bia, a na powierzchni ruch i o\u017cywienie.<\/p>\n<p>Obraz wykonany w kolorach b\u0142\u0119kitu, granatu, \u017c\u00f3\u0142ci, czerni, bieli i zieleni.<\/p>\n<p>&nbsp;<\/p>\n<p><strong>Je\u015bli jeste\u015b zainteresowany tym obrazem, zapraszam serdecznie do kontaktu:<\/strong><br \/>\n<strong>tel: 502837033<\/strong><br \/>\n<strong>majakowalczykart@gmail.com<\/strong><\/p>\n<p>&nbsp;<\/p>\n<p>&nbsp;<\/p>\n","protected":false},"excerpt":{"rendered":"<p>Obraz &#8220;G\u0141\u0118BIA&#8221; &nbsp; Obraz dost\u0119pny. Format orygina\u0142u: 50&#215;65 cm &nbsp; &#8220;G\u0141\u0118BIA&#8221; to obraz wykonany metod\u0105 pouring art. Kolory \u017cywio\u0142\u00f3w, kt\u00f3re przenikaj\u0105 si\u0119 wzajemnie tworz\u0105 niepowtarzalny obraz. Ziemia po\u0142\u0105czona z wod\u0105, ogniem, a wszystko to przy akompaniamencie wiatru. Spokojna g\u0142\u0119bia, a na powierzchni ruch i o\u017cywienie. Obraz wykonany w kolorach b\u0142\u0119kitu, granatu, \u017c\u00f3\u0142ci, czerni, bieli i&hellip; <a class=\"more-link\" href=\"https:\/\/majakowalczykart.com\/pl_pl\/produkt\/glebia\/\">Czytaj dalej <span class=\"screen-reader-text\"><strong>&#8220;G\u0141\u0118BIA&#8221;<\/strong><\/span><\/a><\/p>\n","protected":false},"featured_media":3493,"template":"","meta":[],"_links":{"self":[{"href":"https:\/\/majakowalczykart.com\/pl_pl\/wp-json\/wp\/v2\/product\/3736"}],"collection":[{"href":"https:\/\/majakowalczykart.com\/pl_pl\/wp-json\/wp\/v2\/product"}],"about":[{"href":"https:\/\/majakowalczykart.com\/pl_pl\/wp-json\/wp\/v2\/types\/product"}],"wp:featuredmedia":[{"embeddable":true,"href":"https:\/\/majakowalczykart.com\/pl_pl\/wp-json\/wp\/v2\/media\/3493"}],"wp:attachment":[{"href":"https:\/\/majakowalczykart.com\/pl_pl\/wp-json\/wp\/v2\/media?parent=3736"}],"curies":[{"name":"wp","href":"https:\/\/api.w.org\/{rel}","templated":true}]}}