{"id":3737,"date":"2022-10-05T10:47:49","date_gmt":"2022-10-05T10:47:49","guid":{"rendered":"https:\/\/majakowalczykart.com\/?post_type=product&#038;p=3737"},"modified":"2025-10-10T16:30:15","modified_gmt":"2025-10-10T16:30:15","slug":"wulkan","status":"publish","type":"product","link":"https:\/\/majakowalczykart.com\/pl_pl\/produkt\/wulkan\/","title":{"rendered":"<strong>&#8220;WULKAN&#8221;<\/strong>"},"content":{"rendered":"<p><strong><em>Obraz &#8220;WULKAN&#8221;<\/em><\/strong><\/p>\n<p>&nbsp;<\/p>\n<p><strong>Obraz dost\u0119pny.<\/strong><\/p>\n<p>Format orygina\u0142u: 38&#215;56 cm<\/p>\n<p>&nbsp;<\/p>\n<p>&#8220;WULKAN&#8221;, obraz wykonany metod\u0105 pouring art.<\/p>\n<p>Nie spos\u00f3b przej\u015b\u0107 oboj\u0119tnie obok takich barw i wzoru.<\/p>\n<p>Farby niczym lawa sp\u0142ywaj\u0105 zajmuj\u0105c poszczeg\u00f3lne przestrzenie.<\/p>\n<p>Obraz wykonany w tonacji zieleni, bladej \u017c\u00f3\u0142ci, be\u017cu oraz czerni, bieli.<\/p>\n<p>&nbsp;<\/p>\n<p><strong>Je\u015bli jeste\u015b zainteresowany tym obrazem, zapraszam serdecznie do kontaktu:<\/strong><br \/>\n<strong>tel: 502837033<\/strong><br \/>\n<strong>majakowalczykart@gmail.com<\/strong><\/p>\n<p>&nbsp;<\/p>\n<p>&nbsp;<\/p>\n","protected":false},"excerpt":{"rendered":"<p>Obraz &#8220;WULKAN&#8221; &nbsp; Obraz dost\u0119pny. Format orygina\u0142u: 38&#215;56 cm &nbsp; &#8220;WULKAN&#8221;, obraz wykonany metod\u0105 pouring art. Nie spos\u00f3b przej\u015b\u0107 oboj\u0119tnie obok takich barw i wzoru. Farby niczym lawa sp\u0142ywaj\u0105 zajmuj\u0105c poszczeg\u00f3lne przestrzenie. Obraz wykonany w tonacji zieleni, bladej \u017c\u00f3\u0142ci, be\u017cu oraz czerni, bieli. &nbsp; Je\u015bli jeste\u015b zainteresowany tym obrazem, zapraszam serdecznie do kontaktu: tel: 502837033&hellip; <a class=\"more-link\" href=\"https:\/\/majakowalczykart.com\/pl_pl\/produkt\/wulkan\/\">Czytaj dalej <span class=\"screen-reader-text\"><strong>&#8220;WULKAN&#8221;<\/strong><\/span><\/a><\/p>\n","protected":false},"featured_media":3489,"template":"","meta":[],"_links":{"self":[{"href":"https:\/\/majakowalczykart.com\/pl_pl\/wp-json\/wp\/v2\/product\/3737"}],"collection":[{"href":"https:\/\/majakowalczykart.com\/pl_pl\/wp-json\/wp\/v2\/product"}],"about":[{"href":"https:\/\/majakowalczykart.com\/pl_pl\/wp-json\/wp\/v2\/types\/product"}],"wp:featuredmedia":[{"embeddable":true,"href":"https:\/\/majakowalczykart.com\/pl_pl\/wp-json\/wp\/v2\/media\/3489"}],"wp:attachment":[{"href":"https:\/\/majakowalczykart.com\/pl_pl\/wp-json\/wp\/v2\/media?parent=3737"}],"curies":[{"name":"wp","href":"https:\/\/api.w.org\/{rel}","templated":true}]}}