{"id":3745,"date":"2022-10-05T11:41:54","date_gmt":"2022-10-05T11:41:54","guid":{"rendered":"https:\/\/majakowalczykart.com\/?post_type=product&#038;p=3745"},"modified":"2025-10-10T16:29:34","modified_gmt":"2025-10-10T16:29:34","slug":"akryl-na-plotnie-zmyslowosc","status":"publish","type":"product","link":"https:\/\/majakowalczykart.com\/pl_pl\/produkt\/akryl-na-plotnie-zmyslowosc\/","title":{"rendered":"<strong>Akryl na p\u0142\u00f3tnie &#8220;ZMYS\u0141OWO\u015a\u0106&#8221;<\/strong>"},"content":{"rendered":"<p><strong><em>Akryl na p\u0142\u00f3tnie &#8220;ZMYS\u0141OWO\u015a\u0106&#8221;<\/em><\/strong><\/p>\n<p>&nbsp;<\/p>\n<p><strong>Obraz dost\u0119pny.<\/strong><\/p>\n<p>Format orygina\u0142u: 80&#215;100 cm<\/p>\n<p>&nbsp;<\/p>\n<p>Obraz jest kolejn\u0105 prac\u0105 z zapocz\u0105tkowanego cyklu <strong><em>&#8220;Kobiety&#8221;<\/em><\/strong>.<\/p>\n<p>Cykl ukazuje ich si\u0142\u0119, pi\u0119kno, wra\u017cliwo\u015b\u0107, indywidualizm, wdzi\u0119k i subtelno\u015b\u0107. Pokazuje r\u00f3\u017cnorodno\u015b\u0107 kobiet pod wzgl\u0119dem kultury i pochodzenia.<\/p>\n<p>Elementem sp\u00f3jnym obraz\u00f3w s\u0105 z\u0142ocenia oraz b\u0142yszcz\u0105ce elementy wykonane farbami oraz szlagmetalem.<\/p>\n<p>&nbsp;<\/p>\n<p>Pi\u0119kna kobieta o zmys\u0142owym wyrazie, otulona z\u0142otem niczym mi\u0119kkim kocem, kt\u00f3re podkre\u015bla jej elegancj\u0119 i status.<\/p>\n<p>Zmys\u0142owa ale nie wulgarna, nieco zadumana i \u015bwiadoma siebie.<\/p>\n<p>&nbsp;<\/p>\n<p>Obraz wykonany w kolorach czerni i bieli oraz z\u0142ota. Dodatkiem i ozdob\u0105 pracy jest t\u0142o wykonane szlagmetalem oraz z\u0142otymi farbami w r\u00f3\u017cnych odcieniach.<\/p>\n<p>Zdobienia z\u0142otem s\u0105 r\u00f3wnie\u017c na\u0142o\u017cone na okolice oczu.<\/p>\n<p>&nbsp;<\/p>\n<p><strong>Je\u015bli jeste\u015b zainteresowany tym obrazem, zapraszam serdecznie do kontaktu:<\/strong><br \/>\n<strong>tel: 502837033<\/strong><br \/>\n<strong>majakowalczykart@gmail.com<\/strong><\/p>\n<p>&nbsp;<\/p>\n<p>&nbsp;<\/p>\n","protected":false},"excerpt":{"rendered":"<p>Akryl na p\u0142\u00f3tnie &#8220;ZMYS\u0141OWO\u015a\u0106&#8221; &nbsp; Obraz dost\u0119pny. Format orygina\u0142u: 80&#215;100 cm &nbsp; Obraz jest kolejn\u0105 prac\u0105 z zapocz\u0105tkowanego cyklu &#8220;Kobiety&#8221;. Cykl ukazuje ich si\u0142\u0119, pi\u0119kno, wra\u017cliwo\u015b\u0107, indywidualizm, wdzi\u0119k i subtelno\u015b\u0107. Pokazuje r\u00f3\u017cnorodno\u015b\u0107 kobiet pod wzgl\u0119dem kultury i pochodzenia. Elementem sp\u00f3jnym obraz\u00f3w s\u0105 z\u0142ocenia oraz b\u0142yszcz\u0105ce elementy wykonane farbami oraz szlagmetalem. &nbsp; Pi\u0119kna kobieta o zmys\u0142owym&hellip; <a class=\"more-link\" href=\"https:\/\/majakowalczykart.com\/pl_pl\/produkt\/akryl-na-plotnie-zmyslowosc\/\">Czytaj dalej <span class=\"screen-reader-text\"><strong>Akryl na p\u0142\u00f3tnie &#8220;ZMYS\u0141OWO\u015a\u0106&#8221;<\/strong><\/span><\/a><\/p>\n","protected":false},"featured_media":3738,"template":"","meta":[],"_links":{"self":[{"href":"https:\/\/majakowalczykart.com\/pl_pl\/wp-json\/wp\/v2\/product\/3745"}],"collection":[{"href":"https:\/\/majakowalczykart.com\/pl_pl\/wp-json\/wp\/v2\/product"}],"about":[{"href":"https:\/\/majakowalczykart.com\/pl_pl\/wp-json\/wp\/v2\/types\/product"}],"wp:featuredmedia":[{"embeddable":true,"href":"https:\/\/majakowalczykart.com\/pl_pl\/wp-json\/wp\/v2\/media\/3738"}],"wp:attachment":[{"href":"https:\/\/majakowalczykart.com\/pl_pl\/wp-json\/wp\/v2\/media?parent=3745"}],"curies":[{"name":"wp","href":"https:\/\/api.w.org\/{rel}","templated":true}]}}