{"id":3770,"date":"2022-10-12T10:39:38","date_gmt":"2022-10-12T10:39:38","guid":{"rendered":"https:\/\/majakowalczykart.com\/?post_type=product&#038;p=3770"},"modified":"2025-10-10T15:55:08","modified_gmt":"2025-10-10T15:55:08","slug":"komplet-podkladek-epoksydowych-she","status":"publish","type":"product","link":"https:\/\/majakowalczykart.com\/pl_pl\/produkt\/komplet-podkladek-epoksydowych-she\/","title":{"rendered":"<strong>Podk\u0142adki epoksydowe SHE<\/strong>"},"content":{"rendered":"<p><strong>Podk\u0142adki epoksydowe SHE<\/strong><\/p>\n<p><strong>OPIS:<\/strong><\/p>\n<p>Podk\u0142adki z \u017cywicy epoksydowej o wymiarach 25 x 9 cm pod kubek, \u015bwiec\u0119.<\/p>\n<p>Pi\u0119kna dekoracja sto\u0142u, komody, salonu, \u0142azienki itp.<\/p>\n<p>Zastosowa\u0144 jest bardzo wiele.<\/p>\n<p>Barwy g\u0142\u0119bokiej zieleni z kamiennym kolorem i z\u0142otem.<\/p>\n<p>Podk\u0142adki dwustronne, pokryte topem, odporne na temperatur\u0119 do 95C oraz odporne na zarysowania.<\/p>\n<p>Mo\u017cesz zmienia\u0107 stron\u0119 podk\u0142adki w zale\u017cno\u015bci od nastroju.<\/p>\n<p>Bok podk\u0142adki jest w kolorze z\u0142ota.<\/p>\n<p>&nbsp;<\/p>\n<p>Podk\u0142adki mo\u017cna zakupi\u0107 na sztuki &#8211; podana cena dotyczy jednej podk\u0142adki.<\/p>\n<p>Cena nie zawiera koszt\u00f3w wysy\u0142ki.<\/p>\n<p>&nbsp;<\/p>\n","protected":false},"excerpt":{"rendered":"<p>Podk\u0142adki epoksydowe SHE OPIS: Podk\u0142adki z \u017cywicy epoksydowej o wymiarach 25 x 9 cm pod kubek, \u015bwiec\u0119. Pi\u0119kna dekoracja sto\u0142u, komody, salonu, \u0142azienki itp. Zastosowa\u0144 jest bardzo wiele. Barwy g\u0142\u0119bokiej zieleni z kamiennym kolorem i z\u0142otem. Podk\u0142adki dwustronne, pokryte topem, odporne na temperatur\u0119 do 95C oraz odporne na zarysowania. Mo\u017cesz zmienia\u0107 stron\u0119 podk\u0142adki w zale\u017cno\u015bci&hellip; <a class=\"more-link\" href=\"https:\/\/majakowalczykart.com\/pl_pl\/produkt\/komplet-podkladek-epoksydowych-she\/\">Czytaj dalej <span class=\"screen-reader-text\"><strong>Podk\u0142adki epoksydowe SHE<\/strong><\/span><\/a><\/p>\n","protected":false},"featured_media":3771,"template":"","meta":[],"_links":{"self":[{"href":"https:\/\/majakowalczykart.com\/pl_pl\/wp-json\/wp\/v2\/product\/3770"}],"collection":[{"href":"https:\/\/majakowalczykart.com\/pl_pl\/wp-json\/wp\/v2\/product"}],"about":[{"href":"https:\/\/majakowalczykart.com\/pl_pl\/wp-json\/wp\/v2\/types\/product"}],"wp:featuredmedia":[{"embeddable":true,"href":"https:\/\/majakowalczykart.com\/pl_pl\/wp-json\/wp\/v2\/media\/3771"}],"wp:attachment":[{"href":"https:\/\/majakowalczykart.com\/pl_pl\/wp-json\/wp\/v2\/media?parent=3770"}],"curies":[{"name":"wp","href":"https:\/\/api.w.org\/{rel}","templated":true}]}}