{"id":4123,"date":"2022-11-25T09:48:48","date_gmt":"2022-11-25T09:48:48","guid":{"rendered":"https:\/\/majakowalczykart.com\/?post_type=product&#038;p=4123"},"modified":"2025-10-10T16:29:04","modified_gmt":"2025-10-10T16:29:04","slug":"akryl-na-plotnie-przenikliwosc","status":"publish","type":"product","link":"https:\/\/majakowalczykart.com\/pl_pl\/produkt\/akryl-na-plotnie-przenikliwosc\/","title":{"rendered":"<strong>Akryl na p\u0142\u00f3tnie &#8220;PRZENIKLIWO\u015a\u0106&#8221;<\/strong>"},"content":{"rendered":"<p><strong><em>Akryl na p\u0142\u00f3tnie &#8220;PRZENIKLIWO\u015a\u0106&#8221;<\/em><\/strong><\/p>\n<p>&nbsp;<\/p>\n<p><strong>Obraz dost\u0119pny.<\/strong><\/p>\n<p>Format orygina\u0142u: 80&#215;100 cm<\/p>\n<p>&nbsp;<\/p>\n<p>Obraz jest kolejn\u0105 prac\u0105 z zapocz\u0105tkowanego cyklu <strong><em>&#8220;Kobiety&#8221;<\/em><\/strong>.<\/p>\n<p>Cykl ukazuje ich si\u0142\u0119, pi\u0119kno, wra\u017cliwo\u015b\u0107, indywidualizm, wdzi\u0119k i subtelno\u015b\u0107. Pokazuje r\u00f3\u017cnorodno\u015b\u0107 kobiet pod wzgl\u0119dem kultury i pochodzenia.<\/p>\n<p>Elementem \u0142\u0105cz\u0105cym seri\u0119 jest metaliczna farba lub szlagmetal, tutaj te elementy znalaz\u0142y si\u0119 na w\u0142osach i ubraniu.<\/p>\n<p>Metaliczne zdobienia znalaz\u0142y si\u0119 r\u00f3wnie\u017c na powiekach.<\/p>\n<p>&nbsp;<\/p>\n<p>Kobieta o przenikliwym, wymownym spojrzeniu, otoczona metalicznymi br\u0105zami.<\/p>\n<p>Kolory na kolczyku w ciep\u0142ych barwach zieleni i \u017c\u00f3\u0142ci wsp\u00f3\u0142graj\u0105 z reszt\u0105 obrazu.<\/p>\n<p>&nbsp;<\/p>\n<p><strong>Je\u015bli jeste\u015b zainteresowany tym obrazem, zapraszam serdecznie do kontaktu:<\/strong><\/p>\n<p><strong>tel: 502837033<\/strong><\/p>\n<p><strong>majakowalczykart@gmail.com<\/strong><\/p>\n<p>&nbsp;<\/p>\n","protected":false},"excerpt":{"rendered":"<p>Akryl na p\u0142\u00f3tnie &#8220;PRZENIKLIWO\u015a\u0106&#8221; &nbsp; Obraz dost\u0119pny. Format orygina\u0142u: 80&#215;100 cm &nbsp; Obraz jest kolejn\u0105 prac\u0105 z zapocz\u0105tkowanego cyklu &#8220;Kobiety&#8221;. Cykl ukazuje ich si\u0142\u0119, pi\u0119kno, wra\u017cliwo\u015b\u0107, indywidualizm, wdzi\u0119k i subtelno\u015b\u0107. Pokazuje r\u00f3\u017cnorodno\u015b\u0107 kobiet pod wzgl\u0119dem kultury i pochodzenia. Elementem \u0142\u0105cz\u0105cym seri\u0119 jest metaliczna farba lub szlagmetal, tutaj te elementy znalaz\u0142y si\u0119 na w\u0142osach i ubraniu.&hellip; <a class=\"more-link\" href=\"https:\/\/majakowalczykart.com\/pl_pl\/produkt\/akryl-na-plotnie-przenikliwosc\/\">Czytaj dalej <span class=\"screen-reader-text\"><strong>Akryl na p\u0142\u00f3tnie &#8220;PRZENIKLIWO\u015a\u0106&#8221;<\/strong><\/span><\/a><\/p>\n","protected":false},"featured_media":4125,"template":"","meta":[],"_links":{"self":[{"href":"https:\/\/majakowalczykart.com\/pl_pl\/wp-json\/wp\/v2\/product\/4123"}],"collection":[{"href":"https:\/\/majakowalczykart.com\/pl_pl\/wp-json\/wp\/v2\/product"}],"about":[{"href":"https:\/\/majakowalczykart.com\/pl_pl\/wp-json\/wp\/v2\/types\/product"}],"wp:featuredmedia":[{"embeddable":true,"href":"https:\/\/majakowalczykart.com\/pl_pl\/wp-json\/wp\/v2\/media\/4125"}],"wp:attachment":[{"href":"https:\/\/majakowalczykart.com\/pl_pl\/wp-json\/wp\/v2\/media?parent=4123"}],"curies":[{"name":"wp","href":"https:\/\/api.w.org\/{rel}","templated":true}]}}