{"id":4283,"date":"2022-11-28T08:44:22","date_gmt":"2022-11-28T08:44:22","guid":{"rendered":"https:\/\/majakowalczykart.com\/?post_type=product&#038;p=4283"},"modified":"2025-10-10T16:26:37","modified_gmt":"2025-10-10T16:26:37","slug":"wydruk-giclee-zmyslowosc","status":"publish","type":"product","link":"https:\/\/majakowalczykart.com\/pl_pl\/produkt\/wydruk-giclee-zmyslowosc\/","title":{"rendered":"<strong>Wydruki giclee ZMYS\u0141OWO\u015a\u0106<\/strong>"},"content":{"rendered":"<p><strong>Wydruki giclee \u201eZMYS\u0141OWO\u015a\u0106\u201d<\/strong><\/p>\n<p>&nbsp;<\/p>\n<p>Obraz jest kolejn\u0105 prac\u0105 z zapocz\u0105tkowanego cyklu &#8220;Kobiety&#8221;.<\/p>\n<p>Cykl ukazuje ich si\u0142\u0119, pi\u0119kno, wra\u017cliwo\u015b\u0107, indywidualizm, wdzi\u0119k i subtelno\u015b\u0107. Pokazuje r\u00f3\u017cnorodno\u015b\u0107 kobiet pod wzgl\u0119dem kultury i pochodzenia.<\/p>\n<p>Elementem sp\u00f3jnym obraz\u00f3w s\u0105 z\u0142ocenia oraz b\u0142yszcz\u0105ce elementy wykonane farbami oraz szlagmetalem.<\/p>\n<p>&nbsp;<\/p>\n<p>Pi\u0119kna kobieta o zmys\u0142owym wyrazie, otulona z\u0142otem niczym mi\u0119kkim kocem, kt\u00f3re podkre\u015bla jej elegancj\u0119 i status.<\/p>\n<p>Zmys\u0142owa ale nie wulgarna, nieco zadumana i \u015bwiadoma siebie.<\/p>\n<p>&nbsp;<\/p>\n<p>Obraz wykonany w kolorach czerni, bieli oraz z\u0142ota.<\/p>\n<p>Zdobienia z\u0142otem s\u0105 r\u00f3wnie\u017c na\u0142o\u017cone na okolice oczu.<\/p>\n<p>&nbsp;<\/p>\n<p>Wydruki s\u0105 dost\u0119pne w mniejszych wariantach tj.: A4 i A3\u00a0 &#8211;\u00a0 jak i w wi\u0119kszych dowolnych formatach.<\/p>\n<p>Wydruki wi\u0119ksze ni\u017c A3 dukowane s\u0105 na papierze Hahnemuhle German Etching 310g lub p\u0142\u00f3tnie.<\/p>\n<p>Istnieje mo\u017cliwo\u015b\u0107 zam\u00f3wienia wydruku na dowolnym formacie.<\/p>\n<p>Czas oczekiwania na wi\u0119ksze wydruki to ok 2 tyg, natomiast wydruki A4 i A3 s\u0105 realizowane od razu po wp\u0142yni\u0119ciu zam\u00f3wienia.<\/p>\n<p>&nbsp;<\/p>\n<p><strong>OPIS:<\/strong><\/p>\n<p>Wydruk artystyczny giclee.<\/p>\n<p>Format wydruku: A3, 59&#215;75 cm, 80&#215;100 cm.<br \/>\nWymiary z ram\u0105 i passe-partout: format A3 &#8211; 40&#215;50 cm.<br \/>\nWydruk formatu A3 na wysokiej jako\u015bci papierze archiwalnym o gramaturze 280 g.<br \/>\nSygnowany w\u0142asnor\u0119cznym podpisem.<\/p>\n<p>&nbsp;<\/p>\n<p><strong>RAMA do wydruku w rozmiarze A4 i A3<\/strong><\/p>\n<p>Rama wiod\u0105cego polskiego producenta.<\/p>\n<p>Wymiary: 40&#215;50 cm<\/p>\n<p>Szybka: grubo\u015b\u0107 1,8-2 mm<\/p>\n<p>Materia\u0142 wykonania: MDF<\/p>\n<p>Ty\u0142 ramki: p\u0142yta HDF \u2013 grubo\u015b\u0107 2-3 mm<\/p>\n<p>Posiada zapinki obrotowe<\/p>\n<p>Haczyk: do zamocowania pionowo lub poziomo<\/p>\n<p>&nbsp;<\/p>\n<p><strong>Je\u015bli jeste\u015b zainteresowany wydrukiem giclee, zapraszam serdecznie do kontaktu:<\/strong><br \/>\n<strong>tel: 502837033<\/strong><br \/>\n<strong>majakowalczykart@gmail.com<\/strong><\/p>\n","protected":false},"excerpt":{"rendered":"<p>Wydruki giclee \u201eZMYS\u0141OWO\u015a\u0106\u201d &nbsp; Obraz jest kolejn\u0105 prac\u0105 z zapocz\u0105tkowanego cyklu &#8220;Kobiety&#8221;. Cykl ukazuje ich si\u0142\u0119, pi\u0119kno, wra\u017cliwo\u015b\u0107, indywidualizm, wdzi\u0119k i subtelno\u015b\u0107. Pokazuje r\u00f3\u017cnorodno\u015b\u0107 kobiet pod wzgl\u0119dem kultury i pochodzenia. Elementem sp\u00f3jnym obraz\u00f3w s\u0105 z\u0142ocenia oraz b\u0142yszcz\u0105ce elementy wykonane farbami oraz szlagmetalem. &nbsp; Pi\u0119kna kobieta o zmys\u0142owym wyrazie, otulona z\u0142otem niczym mi\u0119kkim kocem, kt\u00f3re podkre\u015bla&hellip; <a class=\"more-link\" href=\"https:\/\/majakowalczykart.com\/pl_pl\/produkt\/wydruk-giclee-zmyslowosc\/\">Czytaj dalej <span class=\"screen-reader-text\"><strong>Wydruki giclee ZMYS\u0141OWO\u015a\u0106<\/strong><\/span><\/a><\/p>\n","protected":false},"featured_media":4309,"template":"","meta":[],"_links":{"self":[{"href":"https:\/\/majakowalczykart.com\/pl_pl\/wp-json\/wp\/v2\/product\/4283"}],"collection":[{"href":"https:\/\/majakowalczykart.com\/pl_pl\/wp-json\/wp\/v2\/product"}],"about":[{"href":"https:\/\/majakowalczykart.com\/pl_pl\/wp-json\/wp\/v2\/types\/product"}],"wp:featuredmedia":[{"embeddable":true,"href":"https:\/\/majakowalczykart.com\/pl_pl\/wp-json\/wp\/v2\/media\/4309"}],"wp:attachment":[{"href":"https:\/\/majakowalczykart.com\/pl_pl\/wp-json\/wp\/v2\/media?parent=4283"}],"curies":[{"name":"wp","href":"https:\/\/api.w.org\/{rel}","templated":true}]}}