{"id":4419,"date":"2023-05-17T17:31:32","date_gmt":"2023-05-17T17:31:32","guid":{"rendered":"https:\/\/majakowalczykart.com\/?post_type=product&#038;p=4419"},"modified":"2023-05-25T19:11:18","modified_gmt":"2023-05-25T19:11:18","slug":"oryginal-sikorka","status":"publish","type":"product","link":"https:\/\/majakowalczykart.com\/pl_pl\/produkt\/oryginal-sikorka\/","title":{"rendered":"<strong>Orygina\u0142 SIKORKA<\/strong>"},"content":{"rendered":"<p><em><strong>Produkt sprzedany.<\/strong><\/em><\/p>\n<p>&nbsp;<\/p>\n<p>Zapraszam po limitowne wydruki w znajduj\u0105cej si\u0119 w zak\u0142adce <em><strong>PASTELE-WYDRUKI<\/strong><\/em>.<\/p>\n<p>&nbsp;<\/p>\n<p><strong>Orygina\u0142 \u201eSIKORKA\u201d<\/strong><\/p>\n<p>Format orygina\u0142u: 18&#215;24 cm.<\/p>\n<p>Wymiary z ram\u0105 i passe-partout: 24&#215;30 cm.<\/p>\n<p>Rysunek na wysokiej jako\u015bci papierze pastelmat o gramaturze 360g.<\/p>\n<p>Za\u0142\u0105czony certyfikat autentyczno\u015bci.<\/p>\n<p>&nbsp;<\/p>\n<p><strong>RAMA<\/strong><\/p>\n<p>Rama wiod\u0105cego polskiego producenta.<\/p>\n<p>Wymiary: 24&#215;30 cm<\/p>\n<p>Szybka: grubo\u015b\u0107 1,8-2 mm<\/p>\n<p>Materia\u0142 wykonania: MDF<\/p>\n<p>Ty\u0142 ramki: p\u0142yta HDF \u2013 grubo\u015b\u0107 2-3 mm<\/p>\n<p>Posiada zapinki obrotowe<\/p>\n<p>Haczyk: do zamocowania pionowo lub poziomo<\/p>\n<p>&nbsp;<\/p>\n<p>Cena nie zawiera koszt\u00f3w przesy\u0142ki.<\/p>\n","protected":false},"excerpt":{"rendered":"<p>Produkt sprzedany. &nbsp; Zapraszam po limitowne wydruki w znajduj\u0105cej si\u0119 w zak\u0142adce PASTELE-WYDRUKI. &nbsp; Orygina\u0142 \u201eSIKORKA\u201d Format orygina\u0142u: 18&#215;24 cm. Wymiary z ram\u0105 i passe-partout: 24&#215;30 cm. Rysunek na wysokiej jako\u015bci papierze pastelmat o gramaturze 360g. Za\u0142\u0105czony certyfikat autentyczno\u015bci. &nbsp; RAMA Rama wiod\u0105cego polskiego producenta. Wymiary: 24&#215;30 cm Szybka: grubo\u015b\u0107 1,8-2 mm Materia\u0142 wykonania: MDF&hellip; <a class=\"more-link\" href=\"https:\/\/majakowalczykart.com\/pl_pl\/produkt\/oryginal-sikorka\/\">Czytaj dalej <span class=\"screen-reader-text\"><strong>Orygina\u0142 SIKORKA<\/strong><\/span><\/a><\/p>\n","protected":false},"featured_media":4431,"template":"","meta":[],"_links":{"self":[{"href":"https:\/\/majakowalczykart.com\/pl_pl\/wp-json\/wp\/v2\/product\/4419"}],"collection":[{"href":"https:\/\/majakowalczykart.com\/pl_pl\/wp-json\/wp\/v2\/product"}],"about":[{"href":"https:\/\/majakowalczykart.com\/pl_pl\/wp-json\/wp\/v2\/types\/product"}],"wp:featuredmedia":[{"embeddable":true,"href":"https:\/\/majakowalczykart.com\/pl_pl\/wp-json\/wp\/v2\/media\/4431"}],"wp:attachment":[{"href":"https:\/\/majakowalczykart.com\/pl_pl\/wp-json\/wp\/v2\/media?parent=4419"}],"curies":[{"name":"wp","href":"https:\/\/api.w.org\/{rel}","templated":true}]}}