{"id":4487,"date":"2023-12-14T20:38:29","date_gmt":"2023-12-14T20:38:29","guid":{"rendered":"https:\/\/majakowalczykart.com\/?post_type=product&#038;p=4487"},"modified":"2024-02-23T12:28:56","modified_gmt":"2024-02-23T12:28:56","slug":"oryginal-leopard-2","status":"publish","type":"product","link":"https:\/\/majakowalczykart.com\/pl_pl\/produkt\/oryginal-leopard-2\/","title":{"rendered":"<strong>Orygina\u0142 LEOPARD<\/strong>"},"content":{"rendered":"<p><em><strong>Produkt sprzedany.<\/strong><\/em><\/p>\n<p><strong>Rysunek zdoby\u0142 I miejsce w Finale konkursu Golden Time Talent w kategorii Ilustracja w 2023r.<\/strong><\/p>\n<p><strong>Orygina\u0142 \u201eLEOPARD\u201d<\/strong><\/p>\n<p>Format orygina\u0142u: A3 &#8211; 30&#215;40 cm.<\/p>\n<p>Wymiary z ram\u0105 i passe-partout: 40&#215;50 cm.<\/p>\n<p>Rysunek na wysokiej jako\u015bci papierze pastelmat o gramaturze 360g.<\/p>\n<p>Za\u0142\u0105czony certyfikat autentyczno\u015bci.<\/p>\n<p>&nbsp;<\/p>\n<p><strong>RAMA<\/strong><\/p>\n<p>Rama wiod\u0105cego polskiego producenta.<\/p>\n<p>Wymiary: 40&#215;50 cm<\/p>\n<p>Szybka: grubo\u015b\u0107 1,8-2 mm<\/p>\n<p>Materia\u0142 wykonania: MDF<\/p>\n<p>Ty\u0142 ramki: p\u0142yta HDF \u2013 grubo\u015b\u0107 2-3 mm<\/p>\n<p>Posiada zapinki obrotowe<\/p>\n<p>Haczyk: do zamocowania pionowo lub poziomo<\/p>\n<p>&nbsp;<\/p>\n","protected":false},"excerpt":{"rendered":"<p>Produkt sprzedany. Rysunek zdoby\u0142 I miejsce w Finale konkursu Golden Time Talent w kategorii Ilustracja w 2023r. Orygina\u0142 \u201eLEOPARD\u201d Format orygina\u0142u: A3 &#8211; 30&#215;40 cm. Wymiary z ram\u0105 i passe-partout: 40&#215;50 cm. Rysunek na wysokiej jako\u015bci papierze pastelmat o gramaturze 360g. Za\u0142\u0105czony certyfikat autentyczno\u015bci. &nbsp; RAMA Rama wiod\u0105cego polskiego producenta. Wymiary: 40&#215;50 cm Szybka: grubo\u015b\u0107&hellip; <a class=\"more-link\" href=\"https:\/\/majakowalczykart.com\/pl_pl\/produkt\/oryginal-leopard-2\/\">Czytaj dalej <span class=\"screen-reader-text\"><strong>Orygina\u0142 LEOPARD<\/strong><\/span><\/a><\/p>\n","protected":false},"featured_media":4418,"template":"","meta":[],"_links":{"self":[{"href":"https:\/\/majakowalczykart.com\/pl_pl\/wp-json\/wp\/v2\/product\/4487"}],"collection":[{"href":"https:\/\/majakowalczykart.com\/pl_pl\/wp-json\/wp\/v2\/product"}],"about":[{"href":"https:\/\/majakowalczykart.com\/pl_pl\/wp-json\/wp\/v2\/types\/product"}],"wp:featuredmedia":[{"embeddable":true,"href":"https:\/\/majakowalczykart.com\/pl_pl\/wp-json\/wp\/v2\/media\/4418"}],"wp:attachment":[{"href":"https:\/\/majakowalczykart.com\/pl_pl\/wp-json\/wp\/v2\/media?parent=4487"}],"curies":[{"name":"wp","href":"https:\/\/api.w.org\/{rel}","templated":true}]}}