{"id":4596,"date":"2023-12-14T21:17:40","date_gmt":"2023-12-14T21:17:40","guid":{"rendered":"https:\/\/majakowalczykart.com\/?post_type=product&#038;p=4596"},"modified":"2023-12-14T21:18:33","modified_gmt":"2023-12-14T21:18:33","slug":"oryginal-pszczola","status":"publish","type":"product","link":"https:\/\/majakowalczykart.com\/pl_pl\/produkt\/oryginal-pszczola\/","title":{"rendered":"<strong>Orygina\u0142 PSZCZO\u0141A<\/strong>"},"content":{"rendered":"<p><strong>Orygina\u0142 \u201ePSZCZO\u0141A\u201d<\/strong><\/p>\n<p>Format orygina\u0142u: 18&#215;24 cm.<\/p>\n<p>Wymiary z ram\u0105 i passe-partout: 24&#215;30 cm.<\/p>\n<p>Rysunek na wysokiej jako\u015bci papierze pastelmat o gramaturze 360g.<\/p>\n<p>Za\u0142\u0105czony certyfikat autentyczno\u015bci.<\/p>\n<p>&nbsp;<\/p>\n<p><strong>RAMA<\/strong><\/p>\n<p>Rama wiod\u0105cego polskiego producenta.<\/p>\n<p>Wymiary: 24&#215;30 cm<\/p>\n<p>Szybka: grubo\u015b\u0107 1,8-2 mm<\/p>\n<p>Materia\u0142 wykonania: MDF<\/p>\n<p>Ty\u0142 ramki: p\u0142yta HDF \u2013 grubo\u015b\u0107 2-3 mm<\/p>\n<p>Posiada zapinki obrotowe<\/p>\n<p>Haczyk: do zamocowania pionowo lub poziomo<\/p>\n<p>&nbsp;<\/p>\n<p>Cena nie zawiera koszt\u00f3w przesy\u0142ki.<\/p>\n","protected":false},"excerpt":{"rendered":"<p>Orygina\u0142 \u201ePSZCZO\u0141A\u201d Format orygina\u0142u: 18&#215;24 cm. Wymiary z ram\u0105 i passe-partout: 24&#215;30 cm. Rysunek na wysokiej jako\u015bci papierze pastelmat o gramaturze 360g. Za\u0142\u0105czony certyfikat autentyczno\u015bci. &nbsp; RAMA Rama wiod\u0105cego polskiego producenta. Wymiary: 24&#215;30 cm Szybka: grubo\u015b\u0107 1,8-2 mm Materia\u0142 wykonania: MDF Ty\u0142 ramki: p\u0142yta HDF \u2013 grubo\u015b\u0107 2-3 mm Posiada zapinki obrotowe Haczyk: do zamocowania&hellip; <a class=\"more-link\" href=\"https:\/\/majakowalczykart.com\/pl_pl\/produkt\/oryginal-pszczola\/\">Czytaj dalej <span class=\"screen-reader-text\"><strong>Orygina\u0142 PSZCZO\u0141A<\/strong><\/span><\/a><\/p>\n","protected":false},"featured_media":2346,"template":"","meta":[],"_links":{"self":[{"href":"https:\/\/majakowalczykart.com\/pl_pl\/wp-json\/wp\/v2\/product\/4596"}],"collection":[{"href":"https:\/\/majakowalczykart.com\/pl_pl\/wp-json\/wp\/v2\/product"}],"about":[{"href":"https:\/\/majakowalczykart.com\/pl_pl\/wp-json\/wp\/v2\/types\/product"}],"wp:featuredmedia":[{"embeddable":true,"href":"https:\/\/majakowalczykart.com\/pl_pl\/wp-json\/wp\/v2\/media\/2346"}],"wp:attachment":[{"href":"https:\/\/majakowalczykart.com\/pl_pl\/wp-json\/wp\/v2\/media?parent=4596"}],"curies":[{"name":"wp","href":"https:\/\/api.w.org\/{rel}","templated":true}]}}