{"id":4772,"date":"2024-11-12T19:24:06","date_gmt":"2024-11-12T19:24:06","guid":{"rendered":"https:\/\/majakowalczykart.com\/?post_type=product&#038;p=4772"},"modified":"2024-11-12T19:29:28","modified_gmt":"2024-11-12T19:29:28","slug":"oryginal-lew","status":"publish","type":"product","link":"https:\/\/majakowalczykart.com\/pl_pl\/produkt\/oryginal-lew\/","title":{"rendered":"<strong>Orygina\u0142 LEW<\/strong>"},"content":{"rendered":"<p><strong>Orygina\u0142 \u201eLEW\u201d<\/strong><\/p>\n<p>Format orygina\u0142u: A3 &#8211; 30&#215;40 cm.<\/p>\n<p>Wymiary z ram\u0105 i passe-partout: 40&#215;50 cm.<\/p>\n<p>Rysunek na wysokiej jako\u015bci papierze pastelmat o gramaturze 360g.<\/p>\n<p>Za\u0142\u0105czony certyfikat autentyczno\u015bci.<\/p>\n<p>&nbsp;<\/p>\n<p><strong>RAMA<\/strong><\/p>\n<p>Rama wiod\u0105cego polskiego producenta.<\/p>\n<p>Wymiary: 40&#215;50 cm<\/p>\n<p>Szybka: grubo\u015b\u0107 1,8-2 mm<\/p>\n<p>Materia\u0142 wykonania: MDF<\/p>\n<p>Ty\u0142 ramki: p\u0142yta HDF \u2013 grubo\u015b\u0107 2-3 mm<\/p>\n<p>Posiada zapinki obrotowe<\/p>\n<p>Haczyk: do zamocowania pionowo lub poziomo<\/p>\n<p>&nbsp;<\/p>\n<p>Darmowa dostawa na terenie kraju.<\/p>\n","protected":false},"excerpt":{"rendered":"<p>Orygina\u0142 \u201eLEW\u201d Format orygina\u0142u: A3 &#8211; 30&#215;40 cm. Wymiary z ram\u0105 i passe-partout: 40&#215;50 cm. Rysunek na wysokiej jako\u015bci papierze pastelmat o gramaturze 360g. Za\u0142\u0105czony certyfikat autentyczno\u015bci. &nbsp; RAMA Rama wiod\u0105cego polskiego producenta. Wymiary: 40&#215;50 cm Szybka: grubo\u015b\u0107 1,8-2 mm Materia\u0142 wykonania: MDF Ty\u0142 ramki: p\u0142yta HDF \u2013 grubo\u015b\u0107 2-3 mm Posiada zapinki obrotowe Haczyk:&hellip; <a class=\"more-link\" href=\"https:\/\/majakowalczykart.com\/pl_pl\/produkt\/oryginal-lew\/\">Czytaj dalej <span class=\"screen-reader-text\"><strong>Orygina\u0142 LEW<\/strong><\/span><\/a><\/p>\n","protected":false},"featured_media":4784,"template":"","meta":[],"_links":{"self":[{"href":"https:\/\/majakowalczykart.com\/pl_pl\/wp-json\/wp\/v2\/product\/4772"}],"collection":[{"href":"https:\/\/majakowalczykart.com\/pl_pl\/wp-json\/wp\/v2\/product"}],"about":[{"href":"https:\/\/majakowalczykart.com\/pl_pl\/wp-json\/wp\/v2\/types\/product"}],"wp:featuredmedia":[{"embeddable":true,"href":"https:\/\/majakowalczykart.com\/pl_pl\/wp-json\/wp\/v2\/media\/4784"}],"wp:attachment":[{"href":"https:\/\/majakowalczykart.com\/pl_pl\/wp-json\/wp\/v2\/media?parent=4772"}],"curies":[{"name":"wp","href":"https:\/\/api.w.org\/{rel}","templated":true}]}}